{"id":284,"date":"2018-05-10T11:54:33","date_gmt":"2018-05-10T11:54:33","guid":{"rendered":"http:\/\/www.andrealehnart.de\/?page_id=284"},"modified":"2018-05-21T11:49:52","modified_gmt":"2018-05-21T11:49:52","slug":"impressum","status":"publish","type":"page","link":"http:\/\/www.andrealehnart.de\/?page_id=284","title":{"rendered":"Impressum"},"content":{"rendered":"<p><span style=\"text-decoration: underline;\">Verantwortlich f\u00fcr den Inhalt :<\/span><\/p>\n<p>Dipl.Psych. Andrea Lehnart<\/p>\n<p>Psychologische Psychotherapeutin<\/p>\n<p><span style=\"text-decoration: underline;\">Anschrift:<\/span><\/p>\n<p>Kosterm\u00fchle 1<\/p>\n<p>54298 Welschbillig<\/p>\n<p>andrea.lehnart@t-online.de<\/p>\n<p><span style=\"text-decoration: underline;\"><span style=\"color: #888888;\">Approbation:<\/span><\/span><\/p>\n<p>Landesamt f\u00fcr Soziales,Jugend und Versorgung des Landes Rheinland-Pfalz,<\/p>\n<p>Koblenz, 4.1.1999<\/p>\n<p><span style=\"text-decoration: underline;\">Zust\u00e4ndige Kammer:<\/span><\/p>\n<p>Landeskammer f\u00fcr Psychologische Psychotherapeutinnen und -therapeuten in Rheinland-Pfalz<\/p>\n<p><span style=\"text-decoration: underline;\">Zust\u00e4ndige Aufsichtsbeh\u00f6rde:<\/span><\/p>\n<p>Psychotherapeutenkammer Rheinland-Pfalz<\/p>\n<p>Kassen\u00e4rztliche Vereinigung Trier<\/p>\n<p><span style=\"text-decoration: underline;\">Haftungshinweis:<\/span><\/p>\n<p>Es kann keine Haftung f\u00fcr den Inhalt externer Links \u00fcbernommen werden.<\/p>\n<p>F\u00fcr den Inhalt verlinkter Seiten ist ausschlie\u00dflich der Betreiber zust\u00e4ndig.<\/p>\n<p><span style=\"text-decoration: underline;\">Unterst\u00fctzung bei der Erstellung dieser Webseite:<\/span><\/p>\n<p>Gestaltung: Alex Sadri<\/p>\n<p>Portraitfoto: www.robertherschler.de<\/p>\n<p>Fotogalerie: Andrea Lehnart, Privatfotos<\/p>\n","protected":false},"excerpt":{"rendered":"<p>Verantwortlich f\u00fcr den Inhalt : Dipl.Psych. Andrea Lehnart Psychologische Psychotherapeutin Anschrift: Kosterm\u00fchle 1 54298 Welschbillig andrea.lehnart@t-online.de Approbation: Landesamt f\u00fcr Soziales,Jugend und Versorgung des Landes Rheinland-Pfalz, Koblenz, 4.1.1999 Zust\u00e4ndige Kammer: Landeskammer f\u00fcr Psychologische Psychotherapeutinnen und -therapeuten in Rheinland-Pfalz Zust\u00e4ndige Aufsichtsbeh\u00f6rde: Psychotherapeutenkammer Rheinland-Pfalz Kassen\u00e4rztliche Vereinigung Trier Haftungshinweis: Es kann keine Haftung f\u00fcr den Inhalt externer Links \u00fcbernommen [&hellip;]<\/p>\n","protected":false},"author":1,"featured_media":0,"parent":0,"menu_order":10,"comment_status":"open","ping_status":"closed","template":"","meta":[],"_links":{"self":[{"href":"http:\/\/www.andrealehnart.de\/index.php?rest_route=\/wp\/v2\/pages\/284"}],"collection":[{"href":"http:\/\/www.andrealehnart.de\/index.php?rest_route=\/wp\/v2\/pages"}],"about":[{"href":"http:\/\/www.andrealehnart.de\/index.php?rest_route=\/wp\/v2\/types\/page"}],"author":[{"embeddable":true,"href":"http:\/\/www.andrealehnart.de\/index.php?rest_route=\/wp\/v2\/users\/1"}],"replies":[{"embeddable":true,"href":"http:\/\/www.andrealehnart.de\/index.php?rest_route=%2Fwp%2Fv2%2Fcomments&post=284"}],"version-history":[{"count":7,"href":"http:\/\/www.andrealehnart.de\/index.php?rest_route=\/wp\/v2\/pages\/284\/revisions"}],"predecessor-version":[{"id":300,"href":"http:\/\/www.andrealehnart.de\/index.php?rest_route=\/wp\/v2\/pages\/284\/revisions\/300"}],"wp:attachment":[{"href":"http:\/\/www.andrealehnart.de\/index.php?rest_route=%2Fwp%2Fv2%2Fmedia&parent=284"}],"curies":[{"name":"wp","href":"https:\/\/api.w.org\/{rel}","templated":true}]}}