{"id":295,"date":"2018-05-21T11:46:04","date_gmt":"2018-05-21T11:46:04","guid":{"rendered":"http:\/\/www.andrealehnart.de\/?page_id=295"},"modified":"2018-05-21T11:50:32","modified_gmt":"2018-05-21T11:50:32","slug":"datenschutzerklarung","status":"publish","type":"page","link":"http:\/\/www.andrealehnart.de\/?page_id=295","title":{"rendered":"Datenschutz"},"content":{"rendered":"<p>Datenschutzerkl\u00e4rung (Stand 21.05.2018)<\/p>\n<p>1. Geltungsbereich<\/p>\n<p>Diese Datenschutzerkl\u00e4rung gilt f\u00fcr das Internet-Angebot www.andrealehnart.de und die dort angebotenen Inhalte. F\u00fcr Inhalte anderer Anbieter, auf die \u00fcber Links verwiesen wird, gelten die dortigen Bestimmungen.<\/p>\n<p>2. Daten\u00fcbermittlung \/Datenerhebung<\/p>\n<p>Beim Besuch dieser Seite verzeichnet der Web-Server automatisch Log-Files, die keiner bestimmten Person zugeordnet werden k\u00f6nnen. Diese Daten beinhalten z.B. den Browsertyp und -version,verwendetes Betriebssystem, Referrer URL, die IP-Adresse des anfragenden Rechners, Zugriffsdatum und -uhrzeit der Serveranfrage des Klient.Diese Daten werden nur f\u00fcr statistische Zwecke genutzt. Eine Weitergabe an Dritte erfolgt nicht. Dieses Internetangebot verwendet keine Techniken, die darauf abzielen, das Zugriffsverhalten einzelner Nutzer auszuwerten. Personenbezogene Nutzungsprofile werden nicht erstellt.<\/p>\n<p>3. Nutzung pers\u00f6nlicher Daten<\/p>\n<p>Pers\u00f6nliche Daten werden nur erhoben oder verarbeitet, wenn sie diese im Rahmen ihrer Kontaktaufnahme per E-Mail oder Fax freiwillig und pers\u00f6nlich mitteilen.Sofern keine erforderlichen Gr\u00fcnde im Zusammenhang mit einer Gesch\u00e4ftsabwicklung bestehen, k\u00f6nnen sie jederzeit die zuvor erteilte Genehmigung ihrer pers\u00f6nlichen Datenspeicherung mit sofortiger Wirkung schriftlich (per E-Mail oder Fax) widerrufen. Ihre Daten werden nicht an Dritte weitergegeben, es sei denn, eine Weitergabe ist aufgrund gesetzlicher Vorschriften erforderlich.<\/p>\n<p>4. Auskunft, \u00c4nderung und L\u00f6schung der Daten<\/p>\n<p>Auskunftsrechte k\u00f6nnen sie schriftlich oder per E-Mail gegen\u00fcber den im Impressum genannten Stelle geltend machen.<\/p>\n<p>5. Verwendung von Cookies<\/p>\n<p>In bestimmten F\u00e4llen werden sogenannte tempor\u00e4re Cookies verwendet. Diese enthalten keine personenbezogenen Daten und werden nach Ablauf der Sitzung mit dem Schlie\u00dfen ihres Web-Browsers automatisch gel\u00f6scht. Im Fall einer Verlinkung k\u00f6nnen Cookies von Drittanbietern zum Einsatz kommen, ohne dass wir sie ausdr\u00fccklich darauf hinweisen k\u00f6nnen. Die g\u00e4ngigen Browser erlauben es, die Verarbeitung solcher Cookies festzulegen, so dass Sie das Speichern dieser Cookies deaktivieren bzw. die Art der Verarbeitung durch Ihren Browser einstellen k\u00f6nnen.<\/p>\n<p>6. Sicherheit ihrer Daten<\/p>\n<p>Dieses Angebot unterst\u00fctzt gegenw\u00e4rtig keine Datenverschl\u00fcsselung. Bei der \u00dcbertragung Ihrer Daten im Internet besteht daher die M\u00f6glichkeit , dass diese durch Unbefugte zur Kenntnis genommen oder ver\u00e4ndert werden k\u00f6nnen.<\/p>\n","protected":false},"excerpt":{"rendered":"<p>Datenschutzerkl\u00e4rung (Stand 21.05.2018) 1. Geltungsbereich Diese Datenschutzerkl\u00e4rung gilt f\u00fcr das Internet-Angebot www.andrealehnart.de und die dort angebotenen Inhalte. F\u00fcr Inhalte anderer Anbieter, auf die \u00fcber Links verwiesen wird, gelten die dortigen Bestimmungen. 2. Daten\u00fcbermittlung \/Datenerhebung Beim Besuch dieser Seite verzeichnet der Web-Server automatisch Log-Files, die keiner bestimmten Person zugeordnet werden k\u00f6nnen. Diese Daten beinhalten z.B. den [&hellip;]<\/p>\n","protected":false},"author":1,"featured_media":0,"parent":0,"menu_order":11,"comment_status":"open","ping_status":"closed","template":"","meta":[],"_links":{"self":[{"href":"http:\/\/www.andrealehnart.de\/index.php?rest_route=\/wp\/v2\/pages\/295"}],"collection":[{"href":"http:\/\/www.andrealehnart.de\/index.php?rest_route=\/wp\/v2\/pages"}],"about":[{"href":"http:\/\/www.andrealehnart.de\/index.php?rest_route=\/wp\/v2\/types\/page"}],"author":[{"embeddable":true,"href":"http:\/\/www.andrealehnart.de\/index.php?rest_route=\/wp\/v2\/users\/1"}],"replies":[{"embeddable":true,"href":"http:\/\/www.andrealehnart.de\/index.php?rest_route=%2Fwp%2Fv2%2Fcomments&post=295"}],"version-history":[{"count":6,"href":"http:\/\/www.andrealehnart.de\/index.php?rest_route=\/wp\/v2\/pages\/295\/revisions"}],"predecessor-version":[{"id":302,"href":"http:\/\/www.andrealehnart.de\/index.php?rest_route=\/wp\/v2\/pages\/295\/revisions\/302"}],"wp:attachment":[{"href":"http:\/\/www.andrealehnart.de\/index.php?rest_route=%2Fwp%2Fv2%2Fmedia&parent=295"}],"curies":[{"name":"wp","href":"https:\/\/api.w.org\/{rel}","templated":true}]}}